{"id":631,"date":"2023-04-05T19:42:30","date_gmt":"2023-04-05T17:42:30","guid":{"rendered":"http:\/\/test.wilsdruffer-schmalspurnetz.de\/wordpress\/museum-historischer-lokschuppen-wilsdruff-2\/"},"modified":"2026-01-02T13:03:29","modified_gmt":"2026-01-02T12:03:29","slug":"impressum","status":"publish","type":"page","link":"https:\/\/www.wilsdruffer-schmalspurnetz.de\/en\/impressum\/","title":{"rendered":"Impressum"},"content":{"rendered":"<div id=\"cs-content\" class=\"cs-content\"><div class=\"x-section e631-e1 mhj-0\"><div class=\"x-row x-container max width e631-e2 mhj-1 mhj-2\"><div class=\"x-row-inner\"><div class=\"x-col e631-e3 mhj-3\"><div class=\"x-text x-text-headline e631-e4 mhj-4 mhj-5\"><div class=\"x-text-content\"><div class=\"x-text-content-text\"><h1 class=\"x-text-content-text-primary\">Impressum<\/h1>\n<\/div><\/div><\/div><div class=\"x-text x-text-headline e631-e5 mhj-5 mhj-6\"><div class=\"x-text-content\"><div class=\"x-text-content-text\"><h1 class=\"x-text-content-text-primary\"><strong>Angaben gem&auml;&szlig; &sect; 5 TMG<\/strong><\/h1>\n<span class=\"x-text-content-text-subheadline\">Interessengemeinschaft Verkehrsgeschichte Wilsdruff e.V. im Kulturbund<br \/>Freiberger Str. 50<br \/>01723 Wilsdruff<\/span><\/div><\/div><\/div><div class=\"x-text x-text-headline e631-e6 mhj-5 mhj-6\"><div class=\"x-text-content\"><div class=\"x-text-content-text\"><h1 class=\"x-text-content-text-primary\"><strong>Vertretungsberechtigte<\/strong><\/h1>\n<span class=\"x-text-content-text-subheadline\">Tiziano Willner (Vorsitzender)<br \/>Dirk Meyer (Stellvertreter)<\/span><\/div><\/div><\/div><div class=\"x-text x-text-headline e631-e7 mhj-5 mhj-6\"><div class=\"x-text-content\"><div class=\"x-text-content-text\"><h1 class=\"x-text-content-text-primary\"><strong>Kontakt<\/strong><\/h1>\n<span class=\"x-text-content-text-subheadline\">Freiberger Allee 50<br \/>01723 Wilsdruff<br \/>E-Mail:&nbsp;<a href=\"mailto:%76%65%72%65%69%6E%40%77%69%6C%73%64%72%75%66%66%65%72%2D%73%63%68%6D%61%6C%73%70%75%72%6E%65%74%7A%2E%64%65\">verein[at]wilsdruffer-schmalspurnetz.de<\/a><br \/>Internet:&nbsp;<a>http:\/\/www.wilsdruffer-schmalspurnetz.de<\/a><\/span><\/div><\/div><\/div><div class=\"x-text x-text-headline e631-e8 mhj-5 mhj-6\"><div class=\"x-text-content\"><div class=\"x-text-content-text\"><h1 class=\"x-text-content-text-primary\"><strong>Registereintrag<\/strong><\/h1>\n<span class=\"x-text-content-text-subheadline\">Registergericht: Amtsgericht Dresden<br \/>Registernummer: 40891<\/span><\/div><\/div><\/div><div class=\"x-text x-text-headline e631-e9 mhj-5 mhj-6\"><div class=\"x-text-content\"><div class=\"x-text-content-text\"><h1 class=\"x-text-content-text-primary\"><strong>Inhaltlich Verantwortlicher gem&auml;&szlig; &sect; 10 Absatz 3 MDStV:<\/strong><\/h1>\n<span class=\"x-text-content-text-subheadline\">Tiziano Willner (Anschrift wie oben)<\/span><\/div><\/div><\/div><div class=\"x-text x-text-headline e631-e10 mhj-5 mhj-6\"><div class=\"x-text-content\"><div class=\"x-text-content-text\"><h1 class=\"x-text-content-text-primary\"><strong>Haftungshinweis<\/strong><\/h1>\n<span class=\"x-text-content-text-subheadline\">Trotz sorgf\u00e4ltiger inhaltlicher Kontrolle \u00fcbernehmen wir keine Haftung f\u00fcr die Inhalte externer Links. F\u00fcr den Inhalt der verlinkten Seiten sind ausschlie\u00dflich deren Betreiber verantwortlich.<\/span><\/div><\/div><\/div><div class=\"x-text x-text-headline e631-e11 mhj-5 mhj-6\"><div class=\"x-text-content\"><div class=\"x-text-content-text\"><h1 class=\"x-text-content-text-primary\"><strong>Copyright<\/strong><\/h1>\n<span class=\"x-text-content-text-subheadline\">Alle Texte und Abbildungen, soweit nicht anders angegeben:<br \/>&copy; IG Verkehrsgeschichte Wilsdruff e.V.<br \/>Nutzung f&uuml;r gewerbliche Zwecke ist nur mit Zustimmung des Herausgebers und ggf. der angegebenen Autoren gestattet!<\/span><\/div><\/div><\/div><div class=\"x-text x-text-headline e631-e12 mhj-5 mhj-6\"><div class=\"x-text-content\"><div class=\"x-text-content-text\"><h1 class=\"x-text-content-text-primary\"><strong>Datenschutzerkl&auml;rung<\/strong><\/h1>\n<span class=\"x-text-content-text-subheadline\">Wir nehmen den Schutz und die Sicherheit Ihrer pers&ouml;nlichen Daten sehr ernst. Am 25. Mai 2018 trat die EU-Datenschutzgrundverordnung, kurz EU-DSGVO in Kraft. Die EU-DSGVO hat das Ziel, das Datenschutzniveau innerhalb der gesamten EU auf einen einheitlich hohen Standard zu setzen. Wir haben auch schon zuvor h&ouml;chste Ma&szlig;st&auml;be an unser Datenschutzniveau gesetzt und sind deshalb auf die neue EU-DSGVO gut vorbereitet. Wichtig: Die Anpassungen zum Datenschutz werden durch uns zum 25. Mai 2018 automatisch umgesetzt.Wir sind berechtigt, die bez&uuml;glich der Gesch&auml;ftsverbindung und im Zusammenhang mit dieser erhaltenen Daten &uuml;ber den Kunden im Sinne der EU-Datenschutz-Grundverordnung (DSGVO) und des Bundesdatenschutzgesetzes zu verarbeiten. Grunds&auml;tzlich werden bei uns zum Zwecke der Vertragsabwicklung nur folgende Daten bei uns gespeichert: Name, Adresse, Telefon und Mail. Diese von Ihnen bereitgestellten Daten sind zur Vertragserf&uuml;llung bzw. zur Durchf&uuml;hrung des Kaufvertrages und zur Bearbeitung ihrer Bestellung bzw. Anfrage erforderlich. Eine Daten&uuml;bermittlung an Dritte erfolgt nicht, mit Ausnahme des Versanddienstleisters und unseres Steuerberaters zur Erf&uuml;llung unserer steuerrechtlichen Verpflichtungen. Die Datenverarbeitung erfolgt auf Basis der Bestimmungen der DSGVO.Sie sind gem&auml;&szlig; &sect; 34 BDSG und Art. 15 DSGVO jederzeit berechtigt, uns gegen&uuml;ber um Auskunftserteilung zu den zu Ihrer Person gespeicherten Daten zu ersuchen.Gem&auml;&szlig; &sect; 35 BDSG k&ouml;nnen Sie au&szlig;erdem jederzeit die Berichtigung, L&ouml;schung und Sperrung einzelner personenbezogener Daten verlangen.<\/span><\/div><\/div><\/div><\/div><div class=\"x-col e631-e13 mhj-3\"><span class=\"x-image e631-e14 mhj-7 mhj-8\"><img decoding=\"async\" src=\"https:\/\/www.wilsdruffer-schmalspurnetz.de\/wp-content\/uploads\/2024\/01\/240925_119651888121139_4930206_o.png\" width=\"2048\" height=\"1315\" alt=\"Image\" loading=\"lazy\"><\/span><span class=\"x-image e631-e15 mhj-7 mhj-9\"><img decoding=\"async\" src=\"https:\/\/www.wilsdruffer-schmalspurnetz.de\/wp-content\/uploads\/2021\/04\/post_wilsdruff.jpg\" width=\"100\" height=\"147\" alt=\"Image\" loading=\"lazy\"><\/span><\/div><\/div><\/div><\/div><\/div>\n","protected":false},"excerpt":{"rendered":"<p> &#8230; <\/p>\n<div><a href=\"https:\/\/www.wilsdruffer-schmalspurnetz.de\/en\/impressum\/\" class=\"more-link\">Read More<\/a><\/div>","protected":false},"author":1,"featured_media":0,"parent":0,"menu_order":0,"comment_status":"closed","ping_status":"closed","template":"template-blank-4.php","meta":{"footnotes":""},"categories":[],"tags":[],"class_list":["post-631","page","type-page","status-publish","hentry","no-post-thumbnail"],"aioseo_notices":[],"_links":{"self":[{"href":"https:\/\/www.wilsdruffer-schmalspurnetz.de\/en\/wp-json\/wp\/v2\/pages\/631","targetHints":{"allow":["GET"]}}],"collection":[{"href":"https:\/\/www.wilsdruffer-schmalspurnetz.de\/en\/wp-json\/wp\/v2\/pages"}],"about":[{"href":"https:\/\/www.wilsdruffer-schmalspurnetz.de\/en\/wp-json\/wp\/v2\/types\/page"}],"author":[{"embeddable":true,"href":"https:\/\/www.wilsdruffer-schmalspurnetz.de\/en\/wp-json\/wp\/v2\/users\/1"}],"replies":[{"embeddable":true,"href":"https:\/\/www.wilsdruffer-schmalspurnetz.de\/en\/wp-json\/wp\/v2\/comments?post=631"}],"version-history":[{"count":13,"href":"https:\/\/www.wilsdruffer-schmalspurnetz.de\/en\/wp-json\/wp\/v2\/pages\/631\/revisions"}],"predecessor-version":[{"id":1626,"href":"https:\/\/www.wilsdruffer-schmalspurnetz.de\/en\/wp-json\/wp\/v2\/pages\/631\/revisions\/1626"}],"wp:attachment":[{"href":"https:\/\/www.wilsdruffer-schmalspurnetz.de\/en\/wp-json\/wp\/v2\/media?parent=631"}],"wp:term":[{"taxonomy":"category","embeddable":true,"href":"https:\/\/www.wilsdruffer-schmalspurnetz.de\/en\/wp-json\/wp\/v2\/categories?post=631"},{"taxonomy":"post_tag","embeddable":true,"href":"https:\/\/www.wilsdruffer-schmalspurnetz.de\/en\/wp-json\/wp\/v2\/tags?post=631"}],"curies":[{"name":"wp","href":"https:\/\/api.w.org\/{rel}","templated":true}]}}