{"id":1202,"date":"2024-01-13T12:26:52","date_gmt":"2024-01-13T11:26:52","guid":{"rendered":"http:\/\/test.wilsdruffer-schmalspurnetz.de\/museum-historischer-lokschuppen-wilsdruff-2\/"},"modified":"2024-02-04T17:44:28","modified_gmt":"2024-02-04T16:44:28","slug":"wilsdruff-hp","status":"publish","type":"page","link":"https:\/\/www.wilsdruffer-schmalspurnetz.de\/en\/wilsdruff-hp\/","title":{"rendered":"Eisenbahnhistorische Schauanlage Hp Wilsdruff"},"content":{"rendered":"<div id=\"cs-content\" class=\"cs-content\"><div class=\"x-section e1202-e1 mxe-0 mxe-1 mxe-2\"><div class=\"x-row x-container max width e1202-e2 mxe-5 mxe-6 mxe-7 mxe-b\"><div class=\"x-row-inner\"><div class=\"x-col e1202-e3 mxe-h mxe-i\"><nav class=\"x-crumbs e1202-e4 mxe-k\" role=\"navigation\"><ol class=\"x-crumbs-list\" itemscope=\"\" itemtype=\"http:\/\/schema.org\/BreadcrumbList\" aria-label=\"Breadcrumb Navigation\"><li class=\"x-crumbs-list-item\" itemprop=\"itemListElement\" itemscope itemtype=\"http:\/\/schema.org\/ListItem\"><a class=\"x-crumbs-current x-crumbs-link\" itemtype=\"http:\/\/schema.org\/Thing\" itemprop=\"item\" href=\"https:\/\/www.wilsdruffer-schmalspurnetz.de\/en\/\" title=\"You Are Here\"><span itemprop=\"name\"><i class=\"x-icon\" aria-hidden=\"true\" data-x-icon-s=\"&#xf015;\"><\/i><span class=\"visually-hidden\">Home<\/span><\/span><\/a><meta itemprop=\"position\" content=\"1\"><\/li><\/ol><\/nav><div class=\"x-text x-text-headline e1202-e5 mxe-l mxe-m mxe-n mxe-o\"><div class=\"x-text-content\"><div class=\"x-text-content-text\"><h1 class=\"x-text-content-text-primary\"><strong>Eisenbahnhistorische Schauanlage<br \/>Wilsdruff Haltepunkt <\/strong><\/h1>\n<\/div><\/div><\/div><\/div><\/div><\/div><\/div><div class=\"x-section e1202-e6 mxe-0 mxe-3 mxe-4\"><div class=\"x-row x-container max width e1202-e7 mxe-5 mxe-8 mxe-9 mxe-a mxe-c mxe-d\"><div class=\"x-row-inner\"><div class=\"x-col e1202-e8 mxe-h mxe-i\"><div class=\"x-text x-text-headline e1202-e9 mxe-l mxe-o mxe-p mxe-q mxe-r\"><div class=\"x-text-content\"><div class=\"x-text-content-text\"><h2 class=\"x-text-content-text-primary\">History<\/h2>\n<\/div><\/div><\/div><div class=\"x-text x-content e1202-e10 mxe-u mxe-v mxe-w\"><p>Der ehemalige Haltepunkt Wilsdruff steht an der einstigen Schmalspurstrecke Wilsdruff - Mei&szlig;en Triebischtal und war erste Unterwegsstation der Bahn in Richtung Mei&szlig;en. Seit der Betriebser&ouml;ffnung am 1. Oktober 1909 hatte die kleine Bahnstation eine gro&szlig;e Bedeutung f&uuml;r den Personenverkehr, da sie sich in geringerer Entfernung zum Stadtzentrum als der Bahnhof Wilsdruff befand. Obwohl es zur Zeit des Bahnbaus Pl&auml;ne f&uuml;r ein Ladegleis gab, diente der Haltepunkt mit seinem Stationsgeb&auml;ude und dem Freiabtritt ausschlie&szlig;lich dem Reiseverkehr. Noch in den f&uuml;nfziger Jahren wurden im Stationsgeb&auml;ude vor der Abfahrt der Z&uuml;ge nach Mei&szlig;en provisorisch Fahrkarten verkauft. Mit der Stillegung der Strecke Wilsdruff - Mei&szlig;en endete am 21. Mai 1966 auch f&uuml;r den Haltepunkt Wilsdruff der Bahnbetrieb.<\/p><\/div><\/div><div class=\"x-col e1202-e11 mxe-h mxe-j\"><div class=\"x-text x-content e1202-e12 mxe-v mxe-x mxe-y\"><div id=\"attachment_1210\" style=\"width: 1731px\" class=\"wp-caption alignnone\"><img loading=\"lazy\" decoding=\"async\" aria-describedby=\"caption-attachment-1210\" src=\"http:\/\/test.wilsdruffer-schmalspurnetz.de\/wp-content\/uploads\/2024\/01\/hp_wi.png\" alt=\"P1759 am Hp Wilsdruff, 7. Mai 1966, Foto: G. Meyer\" width=\"1721\" height=\"1070\" class=\"wp-image-1210 size-full\" srcset=\"https:\/\/www.wilsdruffer-schmalspurnetz.de\/wp-content\/uploads\/2024\/01\/hp_wi.png 1721w, https:\/\/www.wilsdruffer-schmalspurnetz.de\/wp-content\/uploads\/2024\/01\/hp_wi-300x187.png 300w, https:\/\/www.wilsdruffer-schmalspurnetz.de\/wp-content\/uploads\/2024\/01\/hp_wi-1024x637.png 1024w, https:\/\/www.wilsdruffer-schmalspurnetz.de\/wp-content\/uploads\/2024\/01\/hp_wi-768x477.png 768w, https:\/\/www.wilsdruffer-schmalspurnetz.de\/wp-content\/uploads\/2024\/01\/hp_wi-1536x955.png 1536w, https:\/\/www.wilsdruffer-schmalspurnetz.de\/wp-content\/uploads\/2024\/01\/hp_wi-18x12.png 18w, https:\/\/www.wilsdruffer-schmalspurnetz.de\/wp-content\/uploads\/2024\/01\/hp_wi-100x62.png 100w, https:\/\/www.wilsdruffer-schmalspurnetz.de\/wp-content\/uploads\/2024\/01\/hp_wi-1200x746.png 1200w\" sizes=\"auto, (max-width: 1721px) 100vw, 1721px\" \/><p id=\"caption-attachment-1210\" class=\"wp-caption-text\">P1759 am Hp Wilsdruff, 7. Mai 1966, Foto: G. Meyer<\/p><\/div><\/div><div class=\"x-text x-content e1202-e13 mxe-v mxe-x mxe-y\"><div id=\"attachment_1211\" style=\"width: 1432px\" class=\"wp-caption alignnone\"><img loading=\"lazy\" decoding=\"async\" aria-describedby=\"caption-attachment-1211\" src=\"http:\/\/test.wilsdruffer-schmalspurnetz.de\/wp-content\/uploads\/2024\/01\/hp_wi_winter_alt.png\" alt=\"\" width=\"1422\" height=\"990\" class=\"size-full wp-image-1211\" srcset=\"https:\/\/www.wilsdruffer-schmalspurnetz.de\/wp-content\/uploads\/2024\/01\/hp_wi_winter_alt.png 1422w, https:\/\/www.wilsdruffer-schmalspurnetz.de\/wp-content\/uploads\/2024\/01\/hp_wi_winter_alt-300x209.png 300w, https:\/\/www.wilsdruffer-schmalspurnetz.de\/wp-content\/uploads\/2024\/01\/hp_wi_winter_alt-1024x713.png 1024w, https:\/\/www.wilsdruffer-schmalspurnetz.de\/wp-content\/uploads\/2024\/01\/hp_wi_winter_alt-768x535.png 768w, https:\/\/www.wilsdruffer-schmalspurnetz.de\/wp-content\/uploads\/2024\/01\/hp_wi_winter_alt-18x12.png 18w, https:\/\/www.wilsdruffer-schmalspurnetz.de\/wp-content\/uploads\/2024\/01\/hp_wi_winter_alt-100x70.png 100w, https:\/\/www.wilsdruffer-schmalspurnetz.de\/wp-content\/uploads\/2024\/01\/hp_wi_winter_alt-1200x835.png 1200w\" sizes=\"auto, (max-width: 1422px) 100vw, 1422px\" \/><p id=\"caption-attachment-1211\" class=\"wp-caption-text\">Stationsgeb\u00e4ude Hp Wilsdruff (Zustand um 1960)<\/p><\/div><\/div><\/div><div class=\"x-col e1202-e14 mxe-h mxe-j\"><div class=\"x-text x-content e1202-e15 mxe-v mxe-x mxe-y\"><div id=\"attachment_1209\" style=\"width: 1386px\" class=\"wp-caption alignnone\"><img loading=\"lazy\" decoding=\"async\" aria-describedby=\"caption-attachment-1209\" src=\"http:\/\/test.wilsdruffer-schmalspurnetz.de\/wp-content\/uploads\/2024\/01\/hp_wi_lz.png\" alt=\"Leerlokfahrt nach Ullendorf-R\u00f6hrsdorf, Foto: G. Ende\" width=\"1376\" height=\"917\" class=\"wp-image-1209 size-full\" srcset=\"https:\/\/www.wilsdruffer-schmalspurnetz.de\/wp-content\/uploads\/2024\/01\/hp_wi_lz.png 1376w, https:\/\/www.wilsdruffer-schmalspurnetz.de\/wp-content\/uploads\/2024\/01\/hp_wi_lz-300x200.png 300w, https:\/\/www.wilsdruffer-schmalspurnetz.de\/wp-content\/uploads\/2024\/01\/hp_wi_lz-1024x682.png 1024w, https:\/\/www.wilsdruffer-schmalspurnetz.de\/wp-content\/uploads\/2024\/01\/hp_wi_lz-768x512.png 768w, https:\/\/www.wilsdruffer-schmalspurnetz.de\/wp-content\/uploads\/2024\/01\/hp_wi_lz-391x260.png 391w, https:\/\/www.wilsdruffer-schmalspurnetz.de\/wp-content\/uploads\/2024\/01\/hp_wi_lz-18x12.png 18w, https:\/\/www.wilsdruffer-schmalspurnetz.de\/wp-content\/uploads\/2024\/01\/hp_wi_lz-100x67.png 100w, https:\/\/www.wilsdruffer-schmalspurnetz.de\/wp-content\/uploads\/2024\/01\/hp_wi_lz-1200x800.png 1200w\" sizes=\"auto, (max-width: 1376px) 100vw, 1376px\" \/><p id=\"caption-attachment-1209\" class=\"wp-caption-text\">Leerlokfahrt nach Ullendorf-R\u00f6hrsdorf, Foto: G. Ende<\/p><\/div><\/div><\/div><\/div><\/div><\/div><div class=\"x-section e1202-e16 mxe-0 mxe-2 mxe-3\"><div class=\"x-row x-container max width e1202-e17 mxe-5 mxe-8 mxe-9 mxe-c mxe-e\"><div class=\"x-row-inner\"><div class=\"x-col e1202-e18 mxe-h mxe-i\"><div class=\"x-text x-content e1202-e19 mxe-v mxe-x mxe-y\"><img loading=\"lazy\" decoding=\"async\" src=\"http:\/\/test.wilsdruffer-schmalspurnetz.de\/wp-content\/uploads\/2024\/01\/hp_wi_winter.png\" alt=\"\" width=\"1280\" height=\"1773\" class=\"alignnone size-full wp-image-1218\" srcset=\"https:\/\/www.wilsdruffer-schmalspurnetz.de\/wp-content\/uploads\/2024\/01\/hp_wi_winter.png 1280w, https:\/\/www.wilsdruffer-schmalspurnetz.de\/wp-content\/uploads\/2024\/01\/hp_wi_winter-217x300.png 217w, https:\/\/www.wilsdruffer-schmalspurnetz.de\/wp-content\/uploads\/2024\/01\/hp_wi_winter-739x1024.png 739w, https:\/\/www.wilsdruffer-schmalspurnetz.de\/wp-content\/uploads\/2024\/01\/hp_wi_winter-768x1064.png 768w, https:\/\/www.wilsdruffer-schmalspurnetz.de\/wp-content\/uploads\/2024\/01\/hp_wi_winter-1109x1536.png 1109w, https:\/\/www.wilsdruffer-schmalspurnetz.de\/wp-content\/uploads\/2024\/01\/hp_wi_winter-9x12.png 9w, https:\/\/www.wilsdruffer-schmalspurnetz.de\/wp-content\/uploads\/2024\/01\/hp_wi_winter-100x139.png 100w, https:\/\/www.wilsdruffer-schmalspurnetz.de\/wp-content\/uploads\/2024\/01\/hp_wi_winter-1200x1662.png 1200w\" sizes=\"auto, (max-width: 1280px) 100vw, 1280px\" \/><\/div><\/div><div class=\"x-col e1202-e20 mxe-h mxe-i\"><div class=\"x-text x-text-headline e1202-e21 mxe-l mxe-m mxe-q mxe-r mxe-s\"><div class=\"x-text-content\"><div class=\"x-text-content-text\"><h2 class=\"x-text-content-text-primary\">Reconstruction<\/h2>\n<\/div><\/div><\/div><div class=\"x-text x-content e1202-e22 mxe-u mxe-v mxe-y\">Fast auf den Tag genau zwanzig Jahre nach der Einstellung des Reiseverkehrs begann mit der \u00dcbernahme des Gel\u00e4ndes durch die <a href=\"https:\/\/www.wilsdruffer-schmalspurnetz.de\/en\/ig-verkehrsgeschichte\/\">IG Verkehrsgeschichte Wilsdruff<\/a> f\u00fcr den Haltepunkt ein zweites Leben als Denkmal. Ungeachtet aller Schwierigkeiten gelang es bis 1989 wieder die ersten Gleise zu verlegen, den Wagenkasten des Bahnpostwagens zu retten sowie das Stationsgeb\u00e4ude neu zu bebrettern. In den folgenden Jahren wurden weitere Wagen und Sachzeugen zum Haltepunkt Wilsdruff \u00fcberf\u00fchrt. Inzwischen ist am Haltepunkt Wilsdruff unverkennbar wieder eisenbahntypisches Fluidum eingezogen. Das Stationsgeb\u00e4ude und der Freiabtritt erstrahlen wieder in den originalen Farben der K\u00f6niglich S\u00e4chsischen Staatseisenbahn.<\/div><div class=\"x-text x-content e1202-e23 mxe-v mxe-x mxe-y\"><img loading=\"lazy\" decoding=\"async\" src=\"http:\/\/test.wilsdruffer-schmalspurnetz.de\/wp-content\/uploads\/2024\/01\/263373789_4575525119200438_731576791211651497_n-1.jpg\" alt=\"\" width=\"960\" height=\"598\" class=\"alignnone size-full wp-image-1216\" srcset=\"https:\/\/www.wilsdruffer-schmalspurnetz.de\/wp-content\/uploads\/2024\/01\/263373789_4575525119200438_731576791211651497_n-1.jpg 960w, https:\/\/www.wilsdruffer-schmalspurnetz.de\/wp-content\/uploads\/2024\/01\/263373789_4575525119200438_731576791211651497_n-1-300x187.jpg 300w, https:\/\/www.wilsdruffer-schmalspurnetz.de\/wp-content\/uploads\/2024\/01\/263373789_4575525119200438_731576791211651497_n-1-768x478.jpg 768w, https:\/\/www.wilsdruffer-schmalspurnetz.de\/wp-content\/uploads\/2024\/01\/263373789_4575525119200438_731576791211651497_n-1-18x12.jpg 18w, https:\/\/www.wilsdruffer-schmalspurnetz.de\/wp-content\/uploads\/2024\/01\/263373789_4575525119200438_731576791211651497_n-1-100x62.jpg 100w\" sizes=\"auto, (max-width: 960px) 100vw, 960px\" \/><\/div><\/div><\/div><\/div><\/div><div class=\"x-section e1202-e24 mxe-0 mxe-3 mxe-4\"><div class=\"x-row x-container max width e1202-e25 mxe-5 mxe-6 mxe-9 mxe-c mxe-f\"><div class=\"x-row-inner\"><div class=\"x-col e1202-e26 mxe-h mxe-j\"><div class=\"x-text x-text-headline e1202-e27 mxe-l mxe-m mxe-q mxe-s mxe-t\"><div class=\"x-text-content\"><div class=\"x-text-content-text\"><h2 class=\"x-text-content-text-primary\">Besichtigungen<\/h2>\n<\/div><\/div><\/div><div class=\"x-text x-content e1202-e28 mxe-u mxe-v mxe-y\"><p>Die Au\u00dfenanlagen unserer eisenbahnhistorischen Schauanlage sind jederzeit frei zug\u00e4nglich.<\/p>\n<p>Das Stationsgeb\u00e4ude ist zu besonderen Anl\u00e4ssen zu besichtigen, die wir in unserem\u00a0<a href=\"https:\/\/www.wilsdruffer-schmalspurnetz.de\/en\/veranstaltungen\/\">Veranstaltungskalender<\/a> bekannt geben. Dar\u00fcber hinaus k\u00f6nnen f\u00fcr Gruppen auch F\u00fchrungen vereinbart werden (<a href=\"https:\/\/www.wilsdruffer-schmalspurnetz.de\/en\/impressum\/\">Contact us<\/a>\u00a0\u00fcber den Verein), soweit dies die Zeit unserer ehrenamtlichen Museumseisenbahner zul\u00e4sst.<\/p>\n<p>Allen Interessierten empfehlen wir dar\u00fcber hinaus einen Besuch in unserem\u00a0<a href=\"https:\/\/www.wilsdruffer-schmalspurnetz.de\/en\/historischer-lokschuppen\/\">Schmalspurbahnmuseum<\/a> im ehemaligen Lokschuppen des Bahnhofs Wilsdruff an der Freiberger Stra\u00dfe. Die \u00d6ffnungstage und -zeiten finden Sie in unserem <a href=\"https:\/\/www.wilsdruffer-schmalspurnetz.de\/en\/veranstaltungen\/\">Veranstaltungskalender<\/a>.<\/p><\/div><div class=\"x-text x-content e1202-e29 mxe-u mxe-v mxe-y\"><a href=\"https:\/\/www.dampfbahn-route.de\/\"><img loading=\"lazy\" decoding=\"async\" src=\"http:\/\/test.wilsdruffer-schmalspurnetz.de\/wp-content\/uploads\/2024\/01\/stationsschild_dampfbahn-route_73.png\" alt=\"\" width=\"2000\" height=\"1000\" class=\"alignnone size-full wp-image-1224\" srcset=\"https:\/\/www.wilsdruffer-schmalspurnetz.de\/wp-content\/uploads\/2024\/01\/stationsschild_dampfbahn-route_73.png 2000w, https:\/\/www.wilsdruffer-schmalspurnetz.de\/wp-content\/uploads\/2024\/01\/stationsschild_dampfbahn-route_73-300x150.png 300w, https:\/\/www.wilsdruffer-schmalspurnetz.de\/wp-content\/uploads\/2024\/01\/stationsschild_dampfbahn-route_73-1024x512.png 1024w, https:\/\/www.wilsdruffer-schmalspurnetz.de\/wp-content\/uploads\/2024\/01\/stationsschild_dampfbahn-route_73-768x384.png 768w, https:\/\/www.wilsdruffer-schmalspurnetz.de\/wp-content\/uploads\/2024\/01\/stationsschild_dampfbahn-route_73-1536x768.png 1536w, https:\/\/www.wilsdruffer-schmalspurnetz.de\/wp-content\/uploads\/2024\/01\/stationsschild_dampfbahn-route_73-18x9.png 18w, https:\/\/www.wilsdruffer-schmalspurnetz.de\/wp-content\/uploads\/2024\/01\/stationsschild_dampfbahn-route_73-100x50.png 100w, https:\/\/www.wilsdruffer-schmalspurnetz.de\/wp-content\/uploads\/2024\/01\/stationsschild_dampfbahn-route_73-1200x600.png 1200w\" sizes=\"auto, (max-width: 2000px) 100vw, 2000px\" \/><\/a><\/div><\/div><div class=\"x-col e1202-e30 mxe-h mxe-i\"><span class=\"x-image e1202-e31 mxe-z\"><img decoding=\"async\" src=\"https:\/\/www.wilsdruffer-schmalspurnetz.de\/wp-content\/uploads\/2024\/01\/hp_wi_innen-scaled.jpg\" width=\"2560\" height=\"2176\" alt=\"Image\" loading=\"lazy\"><\/span><span class=\"x-image e1202-e32 mxe-z\"><img decoding=\"async\" src=\"https:\/\/www.wilsdruffer-schmalspurnetz.de\/wp-content\/uploads\/2024\/01\/hp_wi_uebersicht.jpg\" width=\"960\" height=\"720\" alt=\"Image\" loading=\"lazy\"><\/span><\/div><\/div><\/div><\/div><div class=\"x-section e1202-e33 mxe-0 mxe-2 mxe-3\"><div class=\"x-row x-container max width e1202-e34 mxe-5 mxe-6 mxe-9 mxe-c mxe-g\"><div class=\"x-row-inner\"><div class=\"x-col e1202-e35 mxe-h mxe-j\"><div class=\"x-text x-text-headline e1202-e36 mxe-l mxe-m mxe-q mxe-s mxe-t\"><div class=\"x-text-content\"><div class=\"x-text-content-text\"><h2 class=\"x-text-content-text-primary\">Anreise<\/h2>\n<\/div><\/div><\/div><div class=\"x-text x-content e1202-e37 mxe-u mxe-v mxe-y\"><p>Der&nbsp;<strong>Haltepunkt&nbsp;<\/strong>Wilsdruff befindet sich 5 Gehminuten vom Marktplatz entfernt an der Nossener Stra&szlig;e.\nG&auml;ste, die nicht mit dem Auto anreisen, k&ouml;nnen u.a. die folgenden Buslinien benutzen:\n<ul>\n<li>Von\/nach Dresden: Buslinie 333 bis Wilsdruff, Markt<\/li>\n<li>Buslinie 424 (Schnellbus Dresden-Nossen) bis Wilsdruff, Abzw. Sachsdorf (15 min Fu&szlig;weg bis zum Haltepunkt)<\/li>\n<li>Von\/nach Freital-Deuben: Buslinie 163, nur Mo-Sa, bis Wilsdruff, Markt<\/li>\n<li>Von\/nach Mei&szlig;en: Buslinie 428 (am Wochende als Rufbus), bis Wilsdruff, Markt.<\/li><\/ul><\/p><\/div><\/div><div class=\"x-col e1202-e38 mxe-h mxe-i\"><iframe src=\"https:\/\/www.vvo-online.de\/de\/hl\/0\/fff\/0075bf\/00305e\/f0f0f0?o=&d=33004707&t=So%20kommen%20Sie%20zu%20uns%20mit%20Bahn%20und%20Bus&c=false\" frameborder=\"0\" style=\"width: 100%; height: 375px;\"><\/iframe><\/div><\/div><\/div><\/div><\/div>","protected":false},"excerpt":{"rendered":"<p> &#8230; <\/p>\n<div><a href=\"https:\/\/www.wilsdruffer-schmalspurnetz.de\/en\/wilsdruff-hp\/\" class=\"more-link\">Read More<\/a><\/div>","protected":false},"author":1,"featured_media":0,"parent":0,"menu_order":0,"comment_status":"closed","ping_status":"closed","template":"template-blank-4.php","meta":{"footnotes":""},"categories":[],"tags":[],"class_list":["post-1202","page","type-page","status-publish","hentry","no-post-thumbnail"],"aioseo_notices":[],"_links":{"self":[{"href":"https:\/\/www.wilsdruffer-schmalspurnetz.de\/en\/wp-json\/wp\/v2\/pages\/1202","targetHints":{"allow":["GET"]}}],"collection":[{"href":"https:\/\/www.wilsdruffer-schmalspurnetz.de\/en\/wp-json\/wp\/v2\/pages"}],"about":[{"href":"https:\/\/www.wilsdruffer-schmalspurnetz.de\/en\/wp-json\/wp\/v2\/types\/page"}],"author":[{"embeddable":true,"href":"https:\/\/www.wilsdruffer-schmalspurnetz.de\/en\/wp-json\/wp\/v2\/users\/1"}],"replies":[{"embeddable":true,"href":"https:\/\/www.wilsdruffer-schmalspurnetz.de\/en\/wp-json\/wp\/v2\/comments?post=1202"}],"version-history":[{"count":16,"href":"https:\/\/www.wilsdruffer-schmalspurnetz.de\/en\/wp-json\/wp\/v2\/pages\/1202\/revisions"}],"predecessor-version":[{"id":1437,"href":"https:\/\/www.wilsdruffer-schmalspurnetz.de\/en\/wp-json\/wp\/v2\/pages\/1202\/revisions\/1437"}],"wp:attachment":[{"href":"https:\/\/www.wilsdruffer-schmalspurnetz.de\/en\/wp-json\/wp\/v2\/media?parent=1202"}],"wp:term":[{"taxonomy":"category","embeddable":true,"href":"https:\/\/www.wilsdruffer-schmalspurnetz.de\/en\/wp-json\/wp\/v2\/categories?post=1202"},{"taxonomy":"post_tag","embeddable":true,"href":"https:\/\/www.wilsdruffer-schmalspurnetz.de\/en\/wp-json\/wp\/v2\/tags?post=1202"}],"curies":[{"name":"wp","href":"https:\/\/api.w.org\/{rel}","templated":true}]}}